{"id":444,"date":"2023-12-29T22:13:55","date_gmt":"2023-12-29T22:13:55","guid":{"rendered":"http:\/\/dycker-alpakas.de\/?page_id=444"},"modified":"2025-05-15T19:38:28","modified_gmt":"2025-05-15T19:38:28","slug":"presse-news","status":"publish","type":"page","link":"https:\/\/www.dycker-alpakas.de\/?page_id=444","title":{"rendered":"Presse \/ News"},"content":{"rendered":"\n<p><\/p>\n\n\n\n<figure class=\"wp-block-pullquote alignwide\"><blockquote><p><a href=\"https:\/\/rp-online.de\/nrw\/staedte\/nettetal\/nettetal-lamas-und-alpakas-besuchen-seniorenheim-seidenhof_aid-94922061\" target=\"_blank\" rel=\"noreferrer noopener\">Wenn ein Lama ins Seniorenheim kommt<\/a><\/p><cite>Rheinische Post <\/cite><\/blockquote><\/figure>\n\n\n\n<figure class=\"wp-block-pullquote alignwide\"><blockquote><p><strong><a href=\"https:\/\/rp-online.de\/nrw\/staedte\/nettetal\/nettetal-ehrungen-bei-schuetzenfest-in-breyell_aid-97956997\" target=\"_blank\" rel=\"noreferrer noopener\">Viele Orden f\u00fcr Sch\u00fctzen und zwei Tiere f\u00fcr die Tagespflege<\/a><\/strong><\/p><cite>Rheinische Post<\/cite><\/blockquote><\/figure>\n\n\n\n<figure class=\"wp-block-pullquote has-text-align-center alignwide has-larger-font-size\"><blockquote><p><a href=\"https:\/\/rp-online.de\/nrw\/staedte\/kempen\/grefrath-alpakas-zu-besuch-bei-der-tagespflege-in-oedt_aid-126277781\" target=\"_blank\" rel=\"noreferrer noopener\"><strong>Alpakas zu Besuch in der Tagespflege in Grefrath-Oedt<\/strong><\/a><\/p><cite>Rheinische Post<\/cite><\/blockquote><\/figure>\n\n\n\n<figure class=\"wp-block-pullquote\" id=\"http:\/\/www.dycker-alpakas.de\/wp-content\/uploads\/2025\/05\/thomaskirchner.pdf\"><blockquote><p><strong><a href=\"https:\/\/www.dycker-alpakas.de\/?p=751\" target=\"_blank\" rel=\"noreferrer noopener\">Erfahrungsbericht von Autor Thomas Kirchner<\/a><\/strong><\/p><cite>Thomas Kirchner<\/cite><\/blockquote><\/figure>\n\n\n\n<p><\/p>\n","protected":false},"excerpt":{"rendered":"<p>Wenn ein Lama ins Seniorenheim kommt Rheinische Post Viele Orden f\u00fcr Sch\u00fctzen und zwei Tiere f\u00fcr die Tagespflege Rheinische Post Alpakas zu Besuch in der Tagespflege in Grefrath-Oedt Rheinische Post Erfahrungsbericht von Autor Thomas Kirchner Thomas Kirchner<\/p>\n","protected":false},"author":1,"featured_media":0,"parent":0,"menu_order":0,"comment_status":"closed","ping_status":"closed","template":"","meta":{"footnotes":""},"class_list":["post-444","page","type-page","status-publish","hentry"],"_links":{"self":[{"href":"https:\/\/www.dycker-alpakas.de\/index.php?rest_route=\/wp\/v2\/pages\/444","targetHints":{"allow":["GET"]}}],"collection":[{"href":"https:\/\/www.dycker-alpakas.de\/index.php?rest_route=\/wp\/v2\/pages"}],"about":[{"href":"https:\/\/www.dycker-alpakas.de\/index.php?rest_route=\/wp\/v2\/types\/page"}],"author":[{"embeddable":true,"href":"https:\/\/www.dycker-alpakas.de\/index.php?rest_route=\/wp\/v2\/users\/1"}],"replies":[{"embeddable":true,"href":"https:\/\/www.dycker-alpakas.de\/index.php?rest_route=%2Fwp%2Fv2%2Fcomments&post=444"}],"version-history":[{"count":12,"href":"https:\/\/www.dycker-alpakas.de\/index.php?rest_route=\/wp\/v2\/pages\/444\/revisions"}],"predecessor-version":[{"id":759,"href":"https:\/\/www.dycker-alpakas.de\/index.php?rest_route=\/wp\/v2\/pages\/444\/revisions\/759"}],"wp:attachment":[{"href":"https:\/\/www.dycker-alpakas.de\/index.php?rest_route=%2Fwp%2Fv2%2Fmedia&parent=444"}],"curies":[{"name":"wp","href":"https:\/\/api.w.org\/{rel}","templated":true}]}}