{"id":3,"date":"2022-09-10T16:42:11","date_gmt":"2022-09-10T16:42:11","guid":{"rendered":"http:\/\/dycker-alpakas.de\/?page_id=3"},"modified":"2025-12-27T19:09:04","modified_gmt":"2025-12-27T19:09:04","slug":"privacy-policy","status":"publish","type":"page","link":"https:\/\/www.dycker-alpakas.de\/?page_id=3","title":{"rendered":"Impressum \/ AGB"},"content":{"rendered":"\n<h2 class=\"wp-block-heading\">Angaben gem\u00e4\u00df \u00a7 5 TMG<\/h2>\n\n\n\n<p><strong class=\"privacy-policy-tutorial\">Desiree <\/strong><strong>Walbaum<\/strong><\/p>\n\n\n\n<p>Dyck 60<\/p>\n\n\n\n<p>41334 Nettetal<\/p>\n\n\n\n<p>Telefon: +49 1522 9548934<\/p>\n\n\n\n<p>Email: info(at)dycker-alpakas.de<\/p>\n\n\n\n<p>Verantwortlich f\u00fcr den Inhalt nach \u00a7 55 Abs. 2 RStV<\/p>\n\n\n\n<p>Desiree Walbaum<\/p>\n\n\n\n<h3 class=\"wp-block-heading\">Design und Umsetzung<\/h3>\n\n\n\n<p>Ralf Hoheisel<\/p>\n\n\n\n<p>Internet: www.alluneed4u-media.de<\/p>\n\n\n\n<h2 class=\"wp-block-heading\">Haftungsausschluss<\/h2>\n\n\n\n<p><strong>Haftung f\u00fcr Inhalte <\/strong><\/p>\n\n\n\n<p>Die Inhalte unserer Seiten wurden mit gr\u00f6\u00dfter Sorgfalt erstellt. F\u00fcr die Richtigkeit, Vollst\u00e4ndigkeit und Aktualit\u00e4t der Inhalte k\u00f6nnen wir jedoch keine Gew\u00e4hr \u00fcbernehmen. Als Diensteanbieter sind wir gem\u00e4\u00df \u00a7 7 Abs.1 TMG f\u00fcr eigene Inhalte auf diesen Seiten nach den allgemeinen Gesetzen verantwortlich. Nach \u00a7\u00a7 8 bis 10 TMG sind wir als Diensteanbieter jedoch nicht verpflichtet, \u00fcbermittelte oder gespeicherte fremde Informationen zu \u00fcberwachen oder nach Umst\u00e4nden zu forschen, die auf eine rechtswidrige T\u00e4tigkeit hinweisen. Verpflichtungen zur Entfernung oder Sperrung der Nutzung von Informationen nach den allgemeinen Gesetzen bleiben hiervon unber\u00fchrt. Eine diesbez\u00fcgliche Haftung ist jedoch erst ab dem Zeitpunkt der Kenntnis einer konkreten Rechtsverletzung m\u00f6glich. Bei Bekanntwerden von entsprechenden Rechtsverletzungen werden wir diese Inhalte umgehend entfernen<\/p>\n\n\n\n<p><strong>Haftung f\u00fcr Links<\/strong><\/p>\n\n\n\n<p> Unser Angebot enth\u00e4lt Links zu externen Webseiten Dritter, auf deren Inhalte wir keinen Einfluss haben. Deshalb k\u00f6nnen wir f\u00fcr diese fremden Inhalte auch keine Gew\u00e4hr \u00fcbernehmen. F\u00fcr die Inhalte der verlinkten Seiten ist stets der jeweilige Anbieter oder Betreiber der Seiten verantwortlich. Die verlinkten Seiten wurden zum Zeitpunkt der Verlinkung auf m\u00f6gliche Rechtsverst\u00f6\u00dfe \u00fcberpr\u00fcft. Rechtswidrige Inhalte waren zum Zeitpunkt der Verlinkung nicht erkennbar. Eine permanente inhaltliche Kontrolle der verlinkten Seiten ist jedoch ohne konkrete Anhaltspunkte einer Rechtsverletzung nicht zumutbar. Bei Bekanntwerden von Rechtsverletzungen werden wir derartige Links umgehend entfernen.<\/p>\n\n\n\n<h2 class=\"wp-block-heading\">Urheberrecht<\/h2>\n\n\n\n<p>Die durch die Seitenbetreiber erstellten Inhalte und Werke auf diesen Seiten unterliegen dem deutschen Urheberrecht. Die Vervielf\u00e4ltigung, Bearbeitung, Verbreitung und jede Art der Verwertung au\u00dferhalb der Grenzen des Urheberrechtes bed\u00fcrfen der schriftlichen Zustimmung des jeweiligen Autors bzw. Erstellers. Downloads und Kopien dieser Seite sind nur f\u00fcr den privaten, nicht kommerziellen Gebrauch gestattet. Soweit die Inhalte auf dieser Seite nicht vom Betreiber erstellt wurden, werden die Urheberrechte Dritter beachtet. Insbesondere werden Inhalte Dritter als solche gekennzeichnet. Sollten Sie trotzdem auf eine Urheberrechtsverletzung aufmerksam werden, bitten wir um einen entsprechenden Hinweis. Bei Bekanntwerden von Rechtsverletzungen werden wir derartige Inhalte umgehend entfernen.<strong class=\"privacy-policy-tutorial\"><\/strong><\/p>\n\n\n\n<h2 class=\"wp-block-heading\">Datenschutz<\/h2>\n\n\n\n<p>Die Nutzung unserer Webseite ist in der Regel ohne Angabe personenbezogener Daten m\u00f6glich. Soweit auf unseren Seiten personenbezogene Daten (beispielsweise Name, Anschrift oder eMail-Adressen) erhoben werden, erfolgt dies, soweit m\u00f6glich, stets auf freiwilliger Basis. Diese Daten werden ohne Ihre ausdr\u00fcckliche Zustimmung nicht an Dritte weitergegeben. Wir weisen darauf hin, dass die Daten\u00fcbertragung im Internet (z.B. bei der Kommunikation per E-Mail) Sicherheitsl\u00fccken aufweisen kann. Ein l\u00fcckenloser Schutz der Daten vor dem Zugriff durch Dritte ist nicht m\u00f6glich. Der Nutzung von im Rahmen der Impressumspflicht ver\u00f6ffentlichten Kontaktdaten durch Dritte zur \u00dcbersendung von nicht ausdr\u00fccklich angeforderter Werbung und Informationsmaterialien wird hiermit ausdr\u00fccklich widersprochen. Die Betreiber der Seiten behalten sich ausdr\u00fccklich rechtliche Schritte im Falle der unverlangten Zusendung von Werbeinformationen, etwa durch Spam-Mails, vor. <\/p>\n\n\n\n<p>Website Impressum von <a href=\"http:\/\/impressum-generator.de\/\">impressum-generator.de<\/a> der <a href=\"https:\/\/www.kanzlei-hasselbach.de\/standorte\/bonn\/\">Kanzlei Hasselbach, Bonn<\/a><\/p>\n\n\n\n<p class=\"has-small-font-size\"><\/p>\n\n\n\n<h2 class=\"wp-block-heading\">Allgemeine Gesch\u00e4ftbedingungen (AGB)<\/h2>\n\n\n\n<p><strong>\u00a7 1 Geltungsbereich der Gesch\u00e4ftsbedingungen<\/strong><\/p>\n\n\n\n<p>Nachstehende Gesch\u00e4ftsbedingungen gelten f\u00fcr alle unsere Vertr\u00e4ge und Bestellungen in ihrer zum Zeitpunkt des Vertragsabschlusses jeweils g\u00fcltigen Fassung. Allgemeine Gesch\u00e4ftsbedingungen des K\u00e4ufers wird widersprochen, sie werden nicht Vertragsinhalt.<\/p>\n\n\n\n<p><strong>\u00a7 2 Vertragspartner<\/strong><\/p>\n\n\n\n<p>Auf Grundlage dieser Allgemeinen Gesch\u00e4ftsbedingungen (AGB) kommt Ihr Vertrag zustande mit den Dycker Alpakas, vertreten durch Desiree Walbaum, Dyck 60, 41334 Nettetal, Tel: +49 1522 9548934 <\/p>\n\n\n\n<p>E-Mail: info(at)dycker-alpakas.de, Steuer \u2013 Nr. 115\/5207\/4133<\/p>\n\n\n\n<p><strong>\u00a7 3 Vertragsgegenstand, Warenverf\u00fcgbarkeit, Beschaffenheit<\/strong><\/p>\n\n\n\n<p>Durch diesen Vertrag wird der Verkauf von Wanderungen, \u00fcber den Online Shop des Anbieters geregelt. Wegen der Details des jeweiligen Angebotes wird auf die eingestellte Produktbeschreibung der Angebotsseite verwiesen. Bei der Verf\u00fcgbarkeit der Pl\u00e4tze sind Irrt\u00fcmer und Fehler vorbehalten. Die Dienstleistung wird so genau wie m\u00f6glich beschrieben. Die Wanderung findet nicht bei Starkregen statt. Sollte bei uns ein nicht vorhersehbares Ereignis auftreten, wie Krankheit, Unwetter, Gewitter usw. behalten wir uns die Stornierung der Dienstleistung vor. Wir werden dann in Absprache mit dem K\u00e4ufer einen Ersatztermin zur Verf\u00fcgung stellen. Der Kaufpreis wird nicht erstattet. Es f\u00fchrt max. 1 Person ein Alpaka oder Lama. Jedes Kind muss von einer Person \u00fcber 18 Jahre begleitet werden. Kinder unter 5 Jahre d\u00fcrfen nur nach Absprache ein Alpaka oder Lama f\u00fchren. Sollte der K\u00e4ufer aus unvorhersehbaren Gr\u00fcnden verhindert sein, den gebuchten Termin nicht wahrzunehmen, so ist er dazu verpflichtet, diesen sp\u00e4testens 24 Stunden vorher abzusagen. Bei Nichteinhaltung wird der Kaufpreis nicht zur\u00fcckerstattet.<\/p>\n\n\n\n<p><strong>\u00a7 4 Vertragsschluss<\/strong><\/p>\n\n\n\n<p>Der Vertrag kommt ausschlie\u00dflich im elektronischen Gesch\u00e4ftsverkehr \u00fcber das Shopsystem zustande. Dabei stellen die dargestellten Angebote eine unverbindliche Angebot dar. Der Bestellvorgang zum Vertragsschluss umfasst im Shop-System folgende Schritte: \u2013 Auswahl des Angebots in der gew\u00fcnschten Anzahl \u2013 Ablegen des Angebots in den Warenkorb \u2013 Bet\u00e4tigen des Buttons \u201abestellen\u2018 \u2013 Eingabe der Rechnungs- und Lieferadresse \u2013 Auswahl der Bezahlmethode \u2013 \u00dcberpr\u00fcfung und Bearbeitung der Bestellung und aller Eingaben \u2013 Akzeptierung der AGB und \u201akostenpflichtig bestellen\u2018 \u2013 Mit der Annahme ihrer Bestellung durch uns kommt der Vertrag zustande. Eine Best\u00e4tigungsmail erhalten Sie nach dem Bestelleingang. Die Vertragsannahme erfolgt mit der Erbringung der Leistung.<\/p>\n\n\n\n<p><strong>\u00a7 5 Zahlungsbedingungen<\/strong><\/p>\n\n\n\n<p>Der Kunde hat ausschlie\u00dflich folgende M\u00f6glichkeiten zur Zahlung: Zahlung per Kreditkarte (Visa, Mastercard, American Express) oder Direkt\u00fcberweisung. Weitere Zahlungsarten werden nicht angeboten und werden zur\u00fcckgewiesen. Bei Zahlung \u00fcber Kreditkarte muss der Kunde der Karteninhaber sein.<\/p>\n\n\n\n<p><strong>\u00a7 6 Haftungsausschluss<\/strong><\/p>\n\n\n\n<p>F\u00fcr die Teilnahme an allen angebotenen Veranstaltungen werden Schadensersatzanspr\u00fcche f\u00fcr Personen, Sach- oder Verm\u00f6genssch\u00e4den des Kunden grunds\u00e4tzlich ausgeschlossen, soweit sich aus den nachfolgenden Gr\u00fcnden nicht etwas anderes ergibt. Dies gilt auch f\u00fcr den Vertreter und Erf\u00fcllungsgehilfen des Anbieters, falls der Kunde gegen diese Anspr\u00fcche auf Schadensersatz erhebt. Ausgenommen sind Schadensersatzanspr\u00fcche des Kunden wegen Verletzung des Lebens, des K\u00f6rpers, der Gesundheit oder wesentlicher Vertragspflichten, welche zur Erreichung des Vertragszieles notwendigerweise erf\u00fcllt werden m\u00fcssen. Ebenso gilt dies nicht f\u00fcr Schadensersatzanspr\u00fcche nach grob fahrl\u00e4ssiger oder vors\u00e4tzlicher Pflichtverletzung des Anbieters oder seines gesetzlichen Vertreters oder Erf\u00fcllungsgehilfen. Den Anweisungen des Veranstalters ist in jedem Fall Folge zu leisten, um weder Tiere, sich selbst oder andere Personen zu beeintr\u00e4chtigen oder in Gefahr zu bringen. Entstehen durch Entgegenhandeln der Anweisungen des Veranstalters Verletzungen, schlie\u00dfen wir jegliche Haftung aus. Weiterhin sind wir berechtigt, Personen von Veranstaltungen ohne Kostenersatz auszuschlie\u00dfen, die aus unserer Sicht ihre eigene, die Sicherheit anderer G\u00e4ste oder die unserer Tiere gef\u00e4hrden. Trotz gr\u00f6\u00dfter Sorgfalt kann ein Verletzungsrisiko bei dem Umgang mit Tieren naturgem\u00e4\u00df nie komplett ausgeschlossen werden. Die Veranstaltungsteilnehmer erkl\u00e4ren mit der Teilnahme die grunds\u00e4tzliche Freistellung des Veranstalters von Haftungsanspr\u00fcchen. Bei Verletzungen oder einem medizinischen Notfall kann es aufgrund geographischer Eigenschaften zu Verz\u00f6gerungen bei der Hilfeleistung kommen.<\/p>\n\n\n\n<p><strong>\u00a7 7 Vertragsgestaltung<\/strong><\/p>\n\n\n\n<p>Der Kunde hat keine M\u00f6glichkeit selbst direkt auf den gespeicherten Vertragstext zuzugreifen. Der Kunde kann Fehler in der Eingabe w\u00e4hrend des Bestellvorganges korrigieren. Hierzu kann er folgenderma\u00dfen vorgehen: Durch zur\u00fcckgehen zum vorherigen Schritt im Bestellvorgang.<\/p>\n\n\n\n<p><strong>\u00a7 8 Widerrufsbelehrung<\/strong><\/p>\n\n\n\n<p>Das nachfolgende Widerrufsrecht besteht nicht, wenn von Ihnen zum Zweck Ihrer eigenen selbst\u00e4ndigen oder gewerblichen beruflichen T\u00e4tigkeit bestellt wird.<\/p>\n\n\n\n<p>Sie haben das Recht, binnen vierzehn Tagen ohne Angabe von Gr\u00fcnden diesen Vertrag zu widerrufen.<br>Die Widerrufsfrist betr\u00e4gt vierzehn Tage ab dem Tag des Vertragsschlusses.<br>Um Ihr Widerrufsrecht auszu\u00fcben, m\u00fcssen Sie uns: <\/p>\n\n\n\n<p>Dycker Alpakas <\/p>\n\n\n\n<p>Dyck 98 <\/p>\n\n\n\n<p>41334 Nettetal<\/p>\n\n\n\n<p>Tel. + 49 1522 9548934<\/p>\n\n\n\n<p>E-Mail: info(at)dycker-alpakas.de<\/p>\n\n\n\n<p>mittels einer eindeutigen Erkl\u00e4rung (z.B. E-Mail oder Telefon) \u00fcber Ihren Entschluss, diesen Vertrag zu widerrufen, informieren. Machen Sie von dieser M\u00f6glichkeit Gebrauch, so werden wir Ihnen unverz\u00fcglich (z.B. per E-Mail) eine Best\u00e4tigung \u00fcber den Eingang eines solchen Widerrufs \u00fcbermitteln.<\/p>\n\n\n\n<p>Zur Wahrung der Widerrufsfrist gen\u00fcgt es, dass Sie die Mitteilung \u00fcber die Aus\u00fcbung des Widerrufsrechts vor Ablauf der Widerrufsfrist absenden.<\/p>\n\n\n\n<p><strong>Folgen des Widerrufs<\/strong><\/p>\n\n\n\n<p>Wenn Sie diesen Vertrag widerrufen, haben wir Ihnen alle Zahlungen, die wir von Ihnen erhalten haben, unverz\u00fcglich und sp\u00e4testens binnen vierzehn Tagen ab dem Tag zur\u00fcckzuzahlen, an dem die Mitteilung \u00fcber Ihren Widerruf dieses Vertrags bei uns eingegangen ist. F\u00fcr diese R\u00fcckzahlung verwenden wir dasselbe Zahlungsmittel, das Sie bei der urspr\u00fcnglichen Transaktion eingesetzt haben, es sei denn, mit Ihnen wurde ausdr\u00fccklich etwas anderes vereinbart; in keinem Fall werden Ihnen wegen dieser R\u00fcckzahlung Entgelte berechnet.<\/p>\n\n\n\n<p><strong>\u00a7 9 Einl\u00f6sung von Gutscheinen<\/strong><\/p>\n\n\n\n<p>Gutscheine, die bis Ende 2024 ausgestellt wurden, k\u00f6nnen innerhalb der gesetzlichen Verj\u00e4hrungsfrist von drei Jahren eingel\u00f6st und die entsprechende Wanderung kann bis zum Ablauf dieser Frist in Anspruch genommen werden (Einl\u00f6sefrist). Diese Einl\u00f6sefrist beginnt mit Schluss des Jahres, in dem der Gutschein erworben wurde. Pro Kauf ist nur ein Gutschein (-code) einl\u00f6sbar.<\/p>\n\n\n\n<p>Ab 2025 sind Gutscheine 12 Monate nach Ausstellung g\u00fcltig.<\/p>\n\n\n\n<p><strong>\u00a7 10 Sprache, Gerichtsstand und anzuwendendes Recht<\/strong><\/p>\n\n\n\n<p>Der Vertrag wird in Deutsch abgefasst. Die weitere Durchf\u00fchrung der Vertragsbeziehung erfolgt in Deutsch. Es findet ausschlie\u00dflich das Recht der Bundesrepublik Deutschland Anwendung.<\/p>\n\n\n\n<p><strong>\u00a7 11 Salvatorische Klausel<\/strong><\/p>\n\n\n\n<p>Die Unwirksamkeit einer Bestimmung dieser AGB hat keine Auswirkungen auf die Wirksamkeit der sonstigen Bestimmungen.<\/p>\n\n\n\n<p><\/p>\n","protected":false},"excerpt":{"rendered":"<p>Angaben gem\u00e4\u00df \u00a7 5 TMG Desiree Walbaum Dyck 60 41334 Nettetal Telefon: +49 1522 9548934 Email: info(at)dycker-alpakas.de Verantwortlich f\u00fcr den Inhalt nach \u00a7 55 Abs. 2 RStV Desiree Walbaum Design und Umsetzung Ralf Hoheisel Internet: www.alluneed4u-media.de Haftungsausschluss Haftung f\u00fcr Inhalte Die Inhalte unserer Seiten wurden mit gr\u00f6\u00dfter Sorgfalt erstellt. F\u00fcr die Richtigkeit, Vollst\u00e4ndigkeit und Aktualit\u00e4t [&hellip;]<\/p>\n","protected":false},"author":1,"featured_media":0,"parent":0,"menu_order":0,"comment_status":"closed","ping_status":"closed","template":"templates\/template-full-width.php","meta":{"footnotes":""},"class_list":["post-3","page","type-page","status-publish","hentry"],"_links":{"self":[{"href":"https:\/\/www.dycker-alpakas.de\/index.php?rest_route=\/wp\/v2\/pages\/3","targetHints":{"allow":["GET"]}}],"collection":[{"href":"https:\/\/www.dycker-alpakas.de\/index.php?rest_route=\/wp\/v2\/pages"}],"about":[{"href":"https:\/\/www.dycker-alpakas.de\/index.php?rest_route=\/wp\/v2\/types\/page"}],"author":[{"embeddable":true,"href":"https:\/\/www.dycker-alpakas.de\/index.php?rest_route=\/wp\/v2\/users\/1"}],"replies":[{"embeddable":true,"href":"https:\/\/www.dycker-alpakas.de\/index.php?rest_route=%2Fwp%2Fv2%2Fcomments&post=3"}],"version-history":[{"count":9,"href":"https:\/\/www.dycker-alpakas.de\/index.php?rest_route=\/wp\/v2\/pages\/3\/revisions"}],"predecessor-version":[{"id":879,"href":"https:\/\/www.dycker-alpakas.de\/index.php?rest_route=\/wp\/v2\/pages\/3\/revisions\/879"}],"wp:attachment":[{"href":"https:\/\/www.dycker-alpakas.de\/index.php?rest_route=%2Fwp%2Fv2%2Fmedia&parent=3"}],"curies":[{"name":"wp","href":"https:\/\/api.w.org\/{rel}","templated":true}]}}